{"id":35,"date":"2026-01-23T14:50:48","date_gmt":"2026-01-23T14:50:48","guid":{"rendered":"https:\/\/moncyclemeschoix.com\/?page_id=35"},"modified":"2026-01-26T13:53:46","modified_gmt":"2026-01-26T13:53:46","slug":"a-propos","status":"publish","type":"page","link":"https:\/\/moncyclemeschoix.com\/index.php\/a-propos\/","title":{"rendered":"A propos"},"content":{"rendered":"\n<div class=\"wp-block-cover alignfull is-light has-text-color\" style=\"color:#646257;margin-top:0;margin-bottom:0;padding-top:100px;padding-bottom:60px\"><span aria-hidden=\"true\" class=\"wp-block-cover__background has-background-dim-100 has-background-dim\" style=\"background-color:#fffef7\"><\/span><div class=\"wp-block-cover__inner-container has-global-padding is-layout-constrained wp-container-core-cover-is-layout-3f0c59c0 wp-block-cover-is-layout-constrained\">\n<div class=\"wp-block-columns is-layout-flex wp-container-core-columns-is-layout-c2d6fa21 wp-block-columns-is-layout-flex\">\n<div class=\"wp-block-column is-layout-flow wp-block-column-is-layout-flow\" style=\"flex-basis:50%\">\n<figure class=\"wp-block-image alignright size-full is-resized\"><img loading=\"lazy\" decoding=\"async\" width=\"1024\" height=\"1536\" src=\"https:\/\/moncyclemeschoix.com\/wp-content\/uploads\/2026\/01\/sf-McMC.jpeg\" alt=\"\" class=\"wp-image-113\" style=\"aspect-ratio:3\/4;object-fit:cover;width:400px\" srcset=\"https:\/\/moncyclemeschoix.com\/wp-content\/uploads\/2026\/01\/sf-McMC.jpeg 1024w, https:\/\/moncyclemeschoix.com\/wp-content\/uploads\/2026\/01\/sf-McMC-200x300.jpeg 200w, https:\/\/moncyclemeschoix.com\/wp-content\/uploads\/2026\/01\/sf-McMC-683x1024.jpeg 683w, https:\/\/moncyclemeschoix.com\/wp-content\/uploads\/2026\/01\/sf-McMC-768x1152.jpeg 768w\" sizes=\"auto, (max-width: 1024px) 100vw, 1024px\" \/><\/figure>\n<\/div>\n\n\n\n<div class=\"wp-block-column is-vertically-aligned-center is-layout-flow wp-block-column-is-layout-flow\" style=\"padding-right:60px\">\n<h2 class=\"wp-block-heading has-text-color has-link-color wp-elements-f5e715964dc5919f80e76c5e2c25b21f\" style=\"color:#646257;font-size:clamp(29.768px, 1.861rem + ((1vw - 3.2px) * 2.316), 52px);\">A propos de moi&#8230;<\/h2>\n\n\n\n<p class=\"has-text-color has-link-color wp-elements-9463d8fc991575fb42cdc2706254b3b1\" style=\"color:#646257;font-size:clamp(14px, 0.875rem + ((1vw - 3.2px) * 0.417), 18px);\">Je suis Sarah, maman de 3 enfants, docteur en pharmacie et passionn\u00e9e par la sant\u00e9 globale, la pr\u00e9vention et l\u2019accompagnement des familles.<br>Au fil de mon parcours, j\u2019ai pris conscience d\u2019une r\u00e9alit\u00e9 simple mais souvent n\u00e9glig\u00e9e : notre sant\u00e9   \u2014 et celle de nos enfants \u2014 se construit bien avant l\u2019apparition des sympt\u00f4mes. L\u2019alimentation, l\u2019environnement, le rythme de vie et les choix du quotidien jouent un r\u00f4le majeur, d\u00e8s les premiers projets de vie.<br>Aujourd\u2019hui, j\u2019accompagne les familles avec une approche scientifique, personnalis\u00e9e et profond\u00e9ment humaine. Mon objectif n\u2019est pas de promettre des miracles, mais de transmettre des cl\u00e9s concr\u00e8tes, fond\u00e9es sur des donn\u00e9es fiables, pour permettre \u00e0 chacun de faire des choix \u00e9clair\u00e9s et durables.<br>Je crois en une sant\u00e9 qui s\u2019apprend, qui se construit pas \u00e0 pas, et qui respecte le rythme de chacun. Une sant\u00e9 qui ne se limite pas \u00e0 traiter, mais qui cherche avant tout \u00e0 comprendre et \u00e0 pr\u00e9venir.<br>Ce site est un espace d\u2019information, de partage et d\u2019accompagnement, pens\u00e9 pour vous aider \u00e0 avancer avec plus de clart\u00e9, de s\u00e9r\u00e9nit\u00e9 et de confiance dans votre parcours.<\/p>\n\n\n\n<p class=\"has-text-color has-link-color wp-elements-267a67b68bea2a0a200629ac9760c31e\" style=\"color:#646257;font-size:clamp(14px, 0.875rem + ((1vw - 3.2px) * 0.417), 18px);\"><\/p>\n\n\n\n<p class=\"has-text-color has-link-color wp-elements-267a67b68bea2a0a200629ac9760c31e\" style=\"color:#646257;font-size:clamp(14px, 0.875rem + ((1vw - 3.2px) * 0.417), 18px);\"><\/p>\n<\/div>\n<\/div>\n<\/div><\/div>\n","protected":false},"excerpt":{"rendered":"","protected":false},"author":1,"featured_media":0,"parent":0,"menu_order":0,"comment_status":"closed","ping_status":"closed","template":"","meta":{"footnotes":""},"class_list":["post-35","page","type-page","status-publish","hentry"],"_links":{"self":[{"href":"https:\/\/moncyclemeschoix.com\/index.php\/wp-json\/wp\/v2\/pages\/35","targetHints":{"allow":["GET"]}}],"collection":[{"href":"https:\/\/moncyclemeschoix.com\/index.php\/wp-json\/wp\/v2\/pages"}],"about":[{"href":"https:\/\/moncyclemeschoix.com\/index.php\/wp-json\/wp\/v2\/types\/page"}],"author":[{"embeddable":true,"href":"https:\/\/moncyclemeschoix.com\/index.php\/wp-json\/wp\/v2\/users\/1"}],"replies":[{"embeddable":true,"href":"https:\/\/moncyclemeschoix.com\/index.php\/wp-json\/wp\/v2\/comments?post=35"}],"version-history":[{"count":5,"href":"https:\/\/moncyclemeschoix.com\/index.php\/wp-json\/wp\/v2\/pages\/35\/revisions"}],"predecessor-version":[{"id":114,"href":"https:\/\/moncyclemeschoix.com\/index.php\/wp-json\/wp\/v2\/pages\/35\/revisions\/114"}],"wp:attachment":[{"href":"https:\/\/moncyclemeschoix.com\/index.php\/wp-json\/wp\/v2\/media?parent=35"}],"curies":[{"name":"wp","href":"https:\/\/api.w.org\/{rel}","templated":true}]}}